{"id":11,"date":"2018-06-15T20:34:12","date_gmt":"2018-06-15T20:34:12","guid":{"rendered":"http:\/\/dungeonmaster.cz\/?page_id=11"},"modified":"2018-06-26T06:36:35","modified_gmt":"2018-06-26T06:36:35","slug":"home","status":"publish","type":"page","link":"https:\/\/dungeonmaster.cz\/","title":{"rendered":"\u00davod"},"content":{"rendered":"<p><strong>O tomto webu<\/strong><br \/>\nDungeon Master a jeho dal\u0161\u00ed pokra\u010dov\u00e1n\u00ed jsou po\u010d\u00edta\u010dov\u00e9 hry vyvinut\u00e9 spole\u010dnost\u00ed FTL (Faster Than Light).\u00a0Kdy\u017e hra poprv\u00e9 vy\u0161la v\u00a0roce 1987 pro Atari ST, stal se z\u00a0n\u00ed hit. Ostatn\u011b, dr\u017e\u00ed tak\u00e9 titul nejprod\u00e1van\u011bj\u0161\u00ed Atari ST hry v\u016fbec.<\/p>\n<p>Tento web bude postupn\u011b dopl\u0148ov\u00e1n, aby se stal pln\u011b vy\u010derp\u00e1vaj\u00edc\u00edm \u010desk\u00fdm webem, co se t\u00fd\u010de informac\u00ed o t\u011bchto hr\u00e1ch&#8230;<\/p>\n<p>&nbsp;<\/p>\n","protected":false},"excerpt":{"rendered":"<p>O tomto webu Dungeon Master a jeho dal\u0161\u00ed pokra\u010dov\u00e1n\u00ed jsou po\u010d\u00edta\u010dov\u00e9 hry vyvinut\u00e9 spole\u010dnost\u00ed FTL (Faster Than Light).\u00a0Kdy\u017e hra poprv\u00e9 vy\u0161la v\u00a0roce 1987 pro Atari ST, stal se z\u00a0n\u00ed hit. Ostatn\u011b, dr\u017e\u00ed tak\u00e9 titul nejprod\u00e1van\u011bj\u0161\u00ed Atari ST hry v\u016fbec. Tento web bude postupn\u011b dopl\u0148ov\u00e1n, aby se stal pln\u011b vy\u010derp\u00e1vaj\u00edc\u00edm \u010desk\u00fdm webem, co se t\u00fd\u010de informac\u00ed &hellip; <a href=\"https:\/\/dungeonmaster.cz\/\" class=\"more-link\">Continue reading<span class=\"screen-reader-text\"> &#8220;\u00davod&#8221;<\/span><\/a><\/p>\n","protected":false},"author":1,"featured_media":0,"parent":0,"menu_order":0,"comment_status":"closed","ping_status":"closed","template":"","meta":[],"_links":{"self":[{"href":"https:\/\/dungeonmaster.cz\/index.php\/wp-json\/wp\/v2\/pages\/11"}],"collection":[{"href":"https:\/\/dungeonmaster.cz\/index.php\/wp-json\/wp\/v2\/pages"}],"about":[{"href":"https:\/\/dungeonmaster.cz\/index.php\/wp-json\/wp\/v2\/types\/page"}],"author":[{"embeddable":true,"href":"https:\/\/dungeonmaster.cz\/index.php\/wp-json\/wp\/v2\/users\/1"}],"replies":[{"embeddable":true,"href":"https:\/\/dungeonmaster.cz\/index.php\/wp-json\/wp\/v2\/comments?post=11"}],"version-history":[{"count":6,"href":"https:\/\/dungeonmaster.cz\/index.php\/wp-json\/wp\/v2\/pages\/11\/revisions"}],"predecessor-version":[{"id":202,"href":"https:\/\/dungeonmaster.cz\/index.php\/wp-json\/wp\/v2\/pages\/11\/revisions\/202"}],"wp:attachment":[{"href":"https:\/\/dungeonmaster.cz\/index.php\/wp-json\/wp\/v2\/media?parent=11"}],"curies":[{"name":"wp","href":"https:\/\/api.w.org\/{rel}","templated":true}]}}